{"id":43,"date":"2025-04-22T09:29:12","date_gmt":"2025-04-22T09:29:12","guid":{"rendered":"http:\/\/www.arcanteconsulting.com\/?page_id=43"},"modified":"2026-01-28T16:03:10","modified_gmt":"2026-01-28T16:03:10","slug":"demarche-rse","status":"publish","type":"page","link":"https:\/\/www.arcanteconsulting.com\/en\/demarche-rse\/","title":{"rendered":"D\u00e9marche RSE"},"content":{"rendered":"<div class=\"wp-block-group alignfull is-layout-flow wp-block-group-is-layout-flow\">\n<div class=\"wp-block-group has-global-padding is-layout-constrained wp-block-group-is-layout-constrained\">\n<div class=\"wp-block-media-text alignwide is-stacked-on-mobile is-image-fill-element\" style=\"padding-top:0;padding-right:0;padding-bottom:0;padding-left:0;grid-template-columns:43% auto\"><figure class=\"wp-block-media-text__media\"><img alt=\"\" loading=\"lazy\" decoding=\"async\" width=\"1024\" height=\"1007\" src=\"https:\/\/www.arcanteconsulting.com\/wp-content\/uploads\/2025\/04\/11-Element-Graphique-3-taillex2-2-1024x1007.png\" class=\"wp-image-524 size-full\" style=\"object-position:68% 0%\" srcset=\"https:\/\/www.arcanteconsulting.com\/wp-content\/uploads\/2025\/04\/11-Element-Graphique-3-taillex2-2-1024x1007.png 1024w, https:\/\/www.arcanteconsulting.com\/wp-content\/uploads\/2025\/04\/11-Element-Graphique-3-taillex2-2-300x295.png 300w, https:\/\/www.arcanteconsulting.com\/wp-content\/uploads\/2025\/04\/11-Element-Graphique-3-taillex2-2-768x755.png 768w, https:\/\/www.arcanteconsulting.com\/wp-content\/uploads\/2025\/04\/11-Element-Graphique-3-taillex2-2-1536x1510.png 1536w, https:\/\/www.arcanteconsulting.com\/wp-content\/uploads\/2025\/04\/11-Element-Graphique-3-taillex2-2-2048x2014.png 2048w\" sizes=\"auto, (max-width: 1024px) 100vw, 1024px\" \/><\/figure><div class=\"wp-block-media-text__content\">\n<h1 class=\"wp-block-heading has-xx-large-font-size\" style=\"text-transform:uppercase\">Notre D\u00e9marche RSE<\/h1>\n\n\n\n<p>Chez Arcante Consulting, nous sommes convaincus que la n\u00e9gociation durable est le seul levier capable de cr\u00e9er de la valeur partag\u00e9e. Notre politique de Responsabilit\u00e9 Soci\u00e9tale des Entreprises (RSE) ne se limite pas \u00e0 des intentions : elle s\u2019articule autour de quatre axes fondamentaux qui guident toutes nos actions au service d\u2019une \u00e9thique des affaires rigoureuses et de relations contractuelles \u00e9quilibr\u00e9es.<\/p>\n<\/div><\/div>\n<\/div>\n<\/div>\n\n\n\n<div class=\"wp-block-group alignfull has-contrast-color has-accent-2-background-color has-text-color has-background has-link-color wp-elements-8e00f763f8d4697236718dad928425dc is-layout-flow wp-container-core-group-is-layout-a9a5a6d8 wp-block-group-is-layout-flow\" id=\"approche-unique\" style=\"margin-top:0;margin-bottom:0;padding-top:var(--wp--preset--spacing--70);padding-bottom:var(--wp--preset--spacing--70)\">\n<div class=\"wp-block-columns are-vertically-aligned-top is-layout-flex wp-container-core-columns-is-layout-3f9160fb wp-block-columns-is-layout-flex\" style=\"margin-top:var(--wp--preset--spacing--40);margin-bottom:var(--wp--preset--spacing--40)\">\n<div class=\"wp-block-column is-vertically-aligned-top is-layout-flow wp-block-column-is-layout-flow\">\n<h2 class=\"wp-block-heading has-text-align-right is-style-default has-contrast-color has-text-color has-link-color has-x-large-font-size wp-elements-b74aa3b21e1629a1ffbcef01da7d7f48\"><strong>Notre engagement <br>environnemental<\/strong><\/h2>\n\n\n\n<p class=\"has-text-align-right has-medium-font-size\">Nous agissons concr\u00e8tement pour minimiser notre impact environnemental. Cet engagement passe par la digitalisation de nos supports et la limitation des d\u00e9placements non essentiels. Nous privil\u00e9gions les formations en n\u00e9gociation \u00e0 distance quand cela est pertinent ainsi que les visioconf\u00e9rences. Nos locaux \u00e0 Marcq-en-Bar\u0153ul sont \u00e9co-con\u00e7us et utilisent des \u00e9nergies renouvelables.<\/p>\n<\/div>\n\n\n\n<div class=\"wp-block-column is-vertically-aligned-top is-layout-flow wp-block-column-is-layout-flow\">\n<div class=\"wp-block-cover\"><img alt=\"\" loading=\"lazy\" decoding=\"async\" width=\"684\" height=\"522\" class=\"wp-block-cover__image-background wp-image-1372 size-full\" src=\"https:\/\/www.arcanteconsulting.com\/wp-content\/uploads\/2025\/05\/Environnement.png\" data-object-fit=\"cover\" srcset=\"https:\/\/www.arcanteconsulting.com\/wp-content\/uploads\/2025\/05\/Environnement.png 684w, https:\/\/www.arcanteconsulting.com\/wp-content\/uploads\/2025\/05\/Environnement-300x229.png 300w, https:\/\/www.arcanteconsulting.com\/wp-content\/uploads\/2025\/05\/Environnement-16x12.png 16w\" sizes=\"auto, (max-width: 684px) 100vw, 684px\" \/><span aria-hidden=\"true\" class=\"wp-block-cover__background has-background-dim-0 has-background-dim\" style=\"background-color:#4b544d\"><\/span><div class=\"wp-block-cover__inner-container has-global-padding is-layout-constrained wp-block-cover-is-layout-constrained\">\n<p class=\"has-text-align-center has-large-font-size\"><\/p>\n<\/div><\/div>\n<\/div>\n\n\n\n<div class=\"wp-block-column is-vertically-aligned-top is-layout-flow wp-block-column-is-layout-flow\">\n<div class=\"wp-block-cover\"><img alt=\"\" loading=\"lazy\" decoding=\"async\" width=\"684\" height=\"522\" class=\"wp-block-cover__image-background wp-image-1371 size-full\" src=\"https:\/\/www.arcanteconsulting.com\/wp-content\/uploads\/2025\/05\/Social.png\" data-object-fit=\"cover\" srcset=\"https:\/\/www.arcanteconsulting.com\/wp-content\/uploads\/2025\/05\/Social.png 684w, https:\/\/www.arcanteconsulting.com\/wp-content\/uploads\/2025\/05\/Social-300x229.png 300w, https:\/\/www.arcanteconsulting.com\/wp-content\/uploads\/2025\/05\/Social-16x12.png 16w\" sizes=\"auto, (max-width: 684px) 100vw, 684px\" \/><span aria-hidden=\"true\" class=\"wp-block-cover__background has-background-dim-0 has-background-dim\" style=\"background-color:#a25c88\"><\/span><div class=\"wp-block-cover__inner-container has-global-padding is-layout-constrained wp-block-cover-is-layout-constrained\">\n<p class=\"has-text-align-center has-large-font-size\"><\/p>\n<\/div><\/div>\n<\/div>\n\n\n\n<div class=\"wp-block-column is-vertically-aligned-top is-layout-flow wp-block-column-is-layout-flow\">\n<h2 class=\"wp-block-heading is-style-default has-contrast-color has-text-color has-link-color has-x-large-font-size wp-elements-587d38322365cad0d1854b24dd4089f0\"><strong>Notre engagement social<\/strong><\/h2>\n\n\n\n<p class=\"has-medium-font-size\">La richesse de la n\u00e9gociation repose sur la diversit\u00e9 des points de vue. Nous promouvons la diversit\u00e9 et l\u2019inclusion au sein de notre \u00e9quipe ainsi que dans nos pratiques de n\u00e9gociation. Nous veillons \u00e0 l\u2019\u00e9quilibre hommes-femmes, recrutons des talents de tous horizons, favorisons le bien-\u00eatre au travail et l\u2019\u00e9panouissement professionnel, et adaptons nos m\u00e9thodes pour respecter les diff\u00e9rences culturelles<\/p>\n<\/div>\n<\/div>\n\n\n\n<div class=\"wp-block-columns are-vertically-aligned-top is-layout-flex wp-container-core-columns-is-layout-3f9160fb wp-block-columns-is-layout-flex\" style=\"margin-top:var(--wp--preset--spacing--40);margin-bottom:var(--wp--preset--spacing--40)\">\n<div class=\"wp-block-column is-vertically-aligned-top is-layout-flow wp-block-column-is-layout-flow\">\n<h2 class=\"wp-block-heading has-text-align-right is-style-default has-contrast-color has-text-color has-link-color has-x-large-font-size wp-elements-be900144b088d633f8333bda94c95cb2\"><strong>Notre engagement \u00e9thique<\/strong><\/h2>\n\n\n\n<p class=\"has-text-align-right has-medium-font-size\">Nous pr\u00f4nons une culture de la transparence en nous engageant pour des n\u00e9gociations responsables, respectueuses et \u00e9quitables pour toutes les parties prenantes tout en refusant les missions contraires \u00e0 nos valeurs. Nos formateurs sensibilisent syst\u00e9matiquement nos clients aux enjeux \u00e9thiques des n\u00e9gociations et aux risques de conflits d\u2019int\u00e9r\u00eats.<\/p>\n<\/div>\n\n\n\n<div class=\"wp-block-column is-vertically-aligned-top is-layout-flow wp-block-column-is-layout-flow\">\n<div class=\"wp-block-cover\"><img alt=\"\" loading=\"lazy\" decoding=\"async\" width=\"684\" height=\"522\" class=\"wp-block-cover__image-background wp-image-1373 size-full\" src=\"https:\/\/www.arcanteconsulting.com\/wp-content\/uploads\/2025\/05\/Ethique.png\" data-object-fit=\"cover\" srcset=\"https:\/\/www.arcanteconsulting.com\/wp-content\/uploads\/2025\/05\/Ethique.png 684w, https:\/\/www.arcanteconsulting.com\/wp-content\/uploads\/2025\/05\/Ethique-300x229.png 300w, https:\/\/www.arcanteconsulting.com\/wp-content\/uploads\/2025\/05\/Ethique-16x12.png 16w\" sizes=\"auto, (max-width: 684px) 100vw, 684px\" \/><span aria-hidden=\"true\" class=\"wp-block-cover__background has-background-dim-0 has-background-dim\" style=\"background-color:#777270\"><\/span><div class=\"wp-block-cover__inner-container has-global-padding is-layout-constrained wp-block-cover-is-layout-constrained\">\n<p class=\"has-text-align-center has-large-font-size\"><\/p>\n<\/div><\/div>\n<\/div>\n\n\n\n<div class=\"wp-block-column is-vertically-aligned-top is-layout-flow wp-block-column-is-layout-flow\">\n<div class=\"wp-block-cover is-light\"><img alt=\"\" loading=\"lazy\" decoding=\"async\" width=\"684\" height=\"522\" class=\"wp-block-cover__image-background wp-image-1374 size-full\" src=\"https:\/\/www.arcanteconsulting.com\/wp-content\/uploads\/2025\/05\/Societal.png\" data-object-fit=\"cover\" srcset=\"https:\/\/www.arcanteconsulting.com\/wp-content\/uploads\/2025\/05\/Societal.png 684w, https:\/\/www.arcanteconsulting.com\/wp-content\/uploads\/2025\/05\/Societal-300x229.png 300w, https:\/\/www.arcanteconsulting.com\/wp-content\/uploads\/2025\/05\/Societal-16x12.png 16w\" sizes=\"auto, (max-width: 684px) 100vw, 684px\" \/><span aria-hidden=\"true\" class=\"wp-block-cover__background has-background-dim-0 has-background-dim\" style=\"background-color:#8f8a7d\"><\/span><div class=\"wp-block-cover__inner-container has-global-padding is-layout-constrained wp-block-cover-is-layout-constrained\">\n<p class=\"has-text-align-center has-large-font-size\"><\/p>\n<\/div><\/div>\n<\/div>\n\n\n\n<div class=\"wp-block-column is-vertically-aligned-top is-layout-flow wp-block-column-is-layout-flow\">\n<h2 class=\"wp-block-heading is-style-default has-contrast-color has-text-color has-link-color has-x-large-font-size wp-elements-5d6295e73505b66c81b8f647afebf018\"><strong><strong><strong><strong><strong><strong><strong>Notre engagement soci\u00e9tal<\/strong><\/strong><\/strong><\/strong><\/strong><\/strong><\/strong><\/h2>\n\n\n\n<p class=\"has-medium-font-size\">Chez Arcante Consulting, nous pla\u00e7ons notre expertise au service du bien commun en offrant \u00e0 des organisations de solidarit\u00e9 internationale un accompagnement pour d\u00e9velopper les comp\u00e9tences en n\u00e9gociation de leurs collaborateurs, contribuant ainsi \u00e0 l\u2019impact positif de leurs actions sociales et humanitaires.<br><br><br><\/p>\n<\/div>\n<\/div>\n\n\n\n<div class=\"wp-block-group has-global-padding is-layout-constrained wp-block-group-is-layout-constrained\" style=\"margin-top:var(--wp--preset--spacing--60);margin-bottom:0\">\n<div class=\"wp-block-media-text alignwide is-stacked-on-mobile\" style=\"grid-template-columns:17% auto\"><figure class=\"wp-block-media-text__media\"><img alt=\"\" loading=\"lazy\" decoding=\"async\" width=\"316\" height=\"318\" src=\"https:\/\/www.arcanteconsulting.com\/wp-content\/uploads\/2025\/04\/image-3.png\" class=\"wp-image-821 size-full\" srcset=\"https:\/\/www.arcanteconsulting.com\/wp-content\/uploads\/2025\/04\/image-3.png 316w, https:\/\/www.arcanteconsulting.com\/wp-content\/uploads\/2025\/04\/image-3-298x300.png 298w, https:\/\/www.arcanteconsulting.com\/wp-content\/uploads\/2025\/04\/image-3-150x150.png 150w\" sizes=\"auto, (max-width: 316px) 100vw, 316px\" \/><\/figure><div class=\"wp-block-media-text__content\">\n<h2 class=\"wp-block-heading has-contrast-color has-text-color has-link-color wp-elements-96b76ba7c63866d4666870476bf55aec\"><strong>Une d\u00e9marche int\u00e9gr\u00e9e \u00e0 nos m\u00e9tiers de conseils et de formation en n\u00e9gociation<\/strong><\/h2>\n\n\n\n<p>Cette d\u00e9marche RSE n\u2019est pas simplement une politique d\u2019entreprise, mais un engagement quotidien qui irrigue toutes nos pratiques professionnelles. Que ce soit lors de nos conseils en n\u00e9gociation ou de nos formations, nous int\u00e9grons la notion de responsabilit\u00e9 pour permettre \u00e0 nos clients de construire des accords solides, \u00e9thiques et durables.<\/p>\n\n\n\n<p>Nous \u00e9valuons r\u00e9guli\u00e8rement notre impact et cherchons constamment \u00e0 am\u00e9liorer nos performances dans ces quatre domaines, convaincus que l\u2019excellence en n\u00e9gociation va de pair avec une conduite exemplaire des affaires.<\/p>\n<\/div><\/div>\n\n\n\n<div class=\"wp-block-buttons alignfull is-content-justification-center is-layout-flex wp-container-core-buttons-is-layout-c936322e wp-block-buttons-is-layout-flex\" style=\"padding-top:var(--wp--preset--spacing--40);padding-bottom:var(--wp--preset--spacing--40)\">\n<div class=\"wp-block-button is-style-fill\"><a class=\"wp-block-button__link has-base-color has-accent-1-background-color has-text-color has-background has-link-color wp-element-button\" href=\"https:\/\/www.arcanteconsulting.com\/en\/contactez-nous\/\">\u00c9changez avec un consultant<\/a><\/div>\n\n\n\n<div class=\"wp-block-button is-style-outline is-style-outline--1\"><a class=\"wp-block-button__link has-contrast-color has-text-color has-link-color wp-element-button\" href=\"https:\/\/www.arcanteconsulting.com\/en\/formation\/#catalogue-de-formation\" style=\"font-style:normal;font-weight:700\">D\u00e9couvrez nos formations<\/a><\/div>\n\n\n\n<div class=\"wp-block-button is-style-outline is-style-outline--2\"><a class=\"wp-block-button__link wp-element-button\" href=\"https:\/\/www.arcanteconsulting.com\/en\/areas-of-expertise\/\" style=\"font-style:normal;font-weight:700\">D\u00e9couvrez nos expertises<\/a><\/div>\n<\/div>\n<\/div>\n<\/div>\n\n\n\n<div class=\"wp-block-group alignfull has-global-padding is-layout-constrained wp-container-core-group-is-layout-e4795d42 wp-block-group-is-layout-constrained\" id=\"nous-rejoindre\" style=\"padding-top:var(--wp--preset--spacing--80);padding-bottom:var(--wp--preset--spacing--60)\">\n<div class=\"wp-block-columns alignwide is-layout-flex wp-container-core-columns-is-layout-28f84493 wp-block-columns-is-layout-flex\">\n<div class=\"wp-block-column is-layout-flow wp-block-column-is-layout-flow\" style=\"flex-basis:66.66%\">\n<h2 class=\"wp-block-heading has-xx-large-font-size\">Join us<\/h2>\n\n\n\n<p>Si la philosophie d\u2019Arcante Consulting vous parle, n\u2019h\u00e9sitez pas \u00e0 nous envoyer votre CV et votre candidature. Nous recherchons constamment de nouveaux talents experts dans le domaine de la n\u00e9gociation.<\/p>\n\n\n\n<div class=\"wp-block-buttons is-layout-flex wp-block-buttons-is-layout-flex\">\n<div class=\"wp-block-button has-custom-width wp-block-button__width-75 is-style-fill\"><a class=\"wp-block-button__link has-contrast-color has-accent-2-background-color has-text-color has-background has-link-color wp-element-button\" href=\"https:\/\/www.arcanteconsulting.com\/en\/contactez-nous\/\"><span class=\"wp-rich-text-font-awesome-icon wp-font-awesome-icon\"><svg aria-hidden=\"true\" focusable=\"false\" data-prefix=\"fas\" data-icon=\"arrow-right\" class=\"svg-inline--fa fa-arrow-right\" role=\"img\" xmlns=\"http:\/\/www.w3.org\/2000\/svg\" viewbox=\"0 0 448 512\"><path fill=\"currentColor\" d=\"M438.6 278.6c12.5-12.5 12.5-32.8 0-45.3l-160-160c-12.5-12.5-32.8-12.5-45.3 0s-12.5 32.8 0 45.3L338.8 224 32 224c-17.7 0-32 14.3-32 32s14.3 32 32 32l306.7 0L233.4 393.4c-12.5 12.5-12.5 32.8 0 45.3s32.8 12.5 45.3 0l160-160z\"><\/path><\/svg><\/span> Postulez chez Arcante Consulting<\/a><\/div>\n<\/div>\n<\/div>\n\n\n\n<div class=\"wp-block-column is-layout-flow wp-block-column-is-layout-flow\" style=\"flex-basis:33.33%\">\n<figure class=\"wp-block-image aligncenter size-full is-resized wp-duotone-ffffff-ffffff-3\"><img alt=\"\" loading=\"lazy\" decoding=\"async\" width=\"827\" height=\"823\" src=\"https:\/\/www.arcanteconsulting.com\/wp-content\/uploads\/2025\/04\/14-element-graphique-1.png\" class=\"wp-image-833\" style=\"width:152px;height:auto\" srcset=\"https:\/\/www.arcanteconsulting.com\/wp-content\/uploads\/2025\/04\/14-element-graphique-1.png 827w, https:\/\/www.arcanteconsulting.com\/wp-content\/uploads\/2025\/04\/14-element-graphique-1-300x300.png 300w, https:\/\/www.arcanteconsulting.com\/wp-content\/uploads\/2025\/04\/14-element-graphique-1-150x150.png 150w, https:\/\/www.arcanteconsulting.com\/wp-content\/uploads\/2025\/04\/14-element-graphique-1-768x764.png 768w\" sizes=\"auto, (max-width: 827px) 100vw, 827px\" \/><\/figure>\n<\/div>\n<\/div>\n<\/div>\n\n\n\n<p><\/p>","protected":false},"excerpt":{"rendered":"<p>Notre D\u00e9marche RSE Chez Arcante Consulting, nous sommes convaincus que la n\u00e9gociation durable est le seul levier capable de cr\u00e9er de la valeur partag\u00e9e. Notre politique de Responsabilit\u00e9 Soci\u00e9tale des Entreprises (RSE) ne se limite pas \u00e0 des intentions : elle s\u2019articule autour de quatre axes fondamentaux qui guident toutes nos actions au service d\u2019une [&hellip;]<\/p>\n","protected":false},"author":1,"featured_media":0,"parent":0,"menu_order":4,"comment_status":"closed","ping_status":"closed","template":"","meta":{"_seopress_robots_primary_cat":"","_seopress_titles_title":"Notre d\u00e9marche RSE - Arcante Consulting","_seopress_titles_desc":"D\u00e9couvrez la d\u00e9marche RSE et les engagements environnementaux, sociaux et \u00e9thiques d'Arcante Consulting pour des n\u00e9gociations durables qui cr\u00e9ent de la valeur partag\u00e9e.","_seopress_robots_index":"","footnotes":""},"class_list":["post-43","page","type-page","status-publish","hentry"],"_links":{"self":[{"href":"https:\/\/www.arcanteconsulting.com\/en\/wp-json\/wp\/v2\/pages\/43","targetHints":{"allow":["GET"]}}],"collection":[{"href":"https:\/\/www.arcanteconsulting.com\/en\/wp-json\/wp\/v2\/pages"}],"about":[{"href":"https:\/\/www.arcanteconsulting.com\/en\/wp-json\/wp\/v2\/types\/page"}],"author":[{"embeddable":true,"href":"https:\/\/www.arcanteconsulting.com\/en\/wp-json\/wp\/v2\/users\/1"}],"replies":[{"embeddable":true,"href":"https:\/\/www.arcanteconsulting.com\/en\/wp-json\/wp\/v2\/comments?post=43"}],"version-history":[{"count":30,"href":"https:\/\/www.arcanteconsulting.com\/en\/wp-json\/wp\/v2\/pages\/43\/revisions"}],"predecessor-version":[{"id":1888,"href":"https:\/\/www.arcanteconsulting.com\/en\/wp-json\/wp\/v2\/pages\/43\/revisions\/1888"}],"wp:attachment":[{"href":"https:\/\/www.arcanteconsulting.com\/en\/wp-json\/wp\/v2\/media?parent=43"}],"curies":[{"name":"wp","href":"https:\/\/api.w.org\/{rel}","templated":true}]}}