{"id":180,"date":"2025-04-23T16:51:10","date_gmt":"2025-04-23T16:51:10","guid":{"rendered":"http:\/\/www.arcanteconsulting.com\/?page_id=180"},"modified":"2026-01-28T16:03:48","modified_gmt":"2026-01-28T16:03:48","slug":"politique-de-confidentialite","status":"publish","type":"page","link":"https:\/\/www.arcanteconsulting.com\/en\/politique-de-confidentialite\/","title":{"rendered":"Privacy policy"},"content":{"rendered":"<div class=\"wp-block-group alignwide is-layout-flow wp-block-group-is-layout-flow\">\n<h1 class=\"wp-block-heading has-xx-large-font-size\" style=\"margin-top:var(--wp--preset--spacing--50);margin-bottom:var(--wp--preset--spacing--50)\">Privacy policy<\/h1>\n\n\n\n<p><strong>Derni\u00e8re mise \u00e0 jour le 15 avril 2025<\/strong><\/p>\n\n\n\n<p>La soci\u00e9t\u00e9 Arcante Consulting s\u2019engage \u00e0 ce que les traitements de donn\u00e9es personnelles effectu\u00e9s sur son site internet soient conformes au RGPD (R\u00e8glement G\u00e9n\u00e9ral sur la Protection des Donn\u00e9es) ainsi qu\u2019\u00e0 la nouvelle r\u00e9daction de la loi Informatique et Libert\u00e9s. Ainsi, la soci\u00e9t\u00e9 Arcante consulting s\u2019engage \u00e0 respecter vos donn\u00e9es personnelles et \u00e0 en assurer la protection. Si nous vous demandons de fournir certaines informations permettant de vous identifier, nous pouvons garantir que celles-ci seront exclusivement utilis\u00e9es conform\u00e9ment \u00e0 la pr\u00e9sente d\u00e9claration de confidentialit\u00e9.<\/p>\n\n\n\n<h2 class=\"wp-block-heading has-accent-2-color has-text-color has-link-color wp-elements-e4bb645d76719c1170a4f80417e9d2a1\"><strong>1. Les informations que nous recueillons<\/strong><\/h2>\n\n\n\n<p>Nous pourrions recueillir les informations suivantes : nom, pr\u00e9nom, adresse email, t\u00e9l\u00e9phone, coordonn\u00e9es postales et nom de la soci\u00e9t\u00e9. La soci\u00e9t\u00e9 Arcante consulting utilise les donn\u00e9es qu\u2019elle collecte pour vous recontacter suite \u00e0 une sollicitation de votre part afin de discuter de votre int\u00e9r\u00eat pour notre Groupe, pour vous envoyer des messages sur nos offres, nos \u00e9v\u00e8nements ou d\u2019autres informations que vous pourriez trouver int\u00e9ressantes, soit par email, par t\u00e9l\u00e9phone ou courrier postal.<\/p>\n\n\n\n<h2 class=\"wp-block-heading has-accent-2-color has-text-color has-link-color wp-elements-fb15fcc4be707525e20454ca66c91d4c\"><strong>2. S\u00e9curit\u00e9<\/strong><\/h2>\n\n\n\n<p>Nous nous engageons \u00e0 nous assurer que vos informations soient mises en s\u00e9curit\u00e9. Afin d\u2019emp\u00eacher toute divulgation ou acc\u00e8s non autoris\u00e9, nous avons mis en place des proc\u00e9dures physiques, \u00e9lectroniques et de gestion adapt\u00e9es pour prot\u00e9ger et s\u00e9curiser les informations que nous recueillons. Nos serveurs sont h\u00e9berg\u00e9s dans un environnement s\u00e9curis\u00e9 qui utilise les technologies n\u00e9cessaires visant \u00e0 emp\u00eacher les interf\u00e9rences ou l\u2019acc\u00e8s par des intrus.<\/p>\n\n\n\n<h2 class=\"wp-block-heading has-accent-2-color has-text-color has-link-color wp-elements-c5e765021bff208a9f3e72f0b99ddb97\"><strong>3. Protection des donn\u00e9es personnelles<\/strong><\/h2>\n\n\n\n<p>Les informations nominatives concernant l\u2019utilisateur sont \u00e0 usage interne de la soci\u00e9t\u00e9 Arcante consulting. En aucun cas, la soci\u00e9t\u00e9 Arcante consulting ne les divulguera \u00e0 des tiers \u00e0 des fins de publicit\u00e9 ou de promotion. L\u2019utilisateur est inform\u00e9 que, les r\u00e9ponses donn\u00e9es aux formulaires \u00e9ventuellement pr\u00e9sents sur le site, notamment permettant \u00e0 l\u2019utilisateur d\u2019y d\u00e9poser ses coordonn\u00e9es pour recevoir de la documentation ou t\u00e9l\u00e9charger des brochures, pourront faire l\u2019objet des droits d\u2019acc\u00e8s, de rectification, d\u2019effacement, de limitation portant sur ces donn\u00e9es en \u00e9crivant \u00e0 : Arcante consulting 1001, Avenue de la r\u00e9publique \u2013 59700 \u2013 Marcq-en-Bar\u0153ul ou par le biais d\u2019un courrier \u00e9lectronique dans la section Contact. De m\u00eame, vous pouvez retirer \u00e0 tout moment votre consentement au traitement de vos donn\u00e9es ou vous y opposer. Consultez le site&nbsp;<strong><a href=\"https:\/\/www.cnil.fr\/\">cnil.fr<\/a><\/strong>&nbsp;pour plus d\u2019informations sur vos droits.<\/p>\n\n\n\n<h2 class=\"wp-block-heading has-accent-2-color has-text-color has-link-color wp-elements-07cffe6f550e028d028ae86019bd1e6f\"><strong>4. Cookies<\/strong><\/h2>\n\n\n\n<p>En vue d\u2019adapter le site internet aux demandes de nos visiteurs, nous mesurons le nombre de visites, le nombre de pages vues ainsi que l\u2019activit\u00e9 des visiteurs sur le site et leur fr\u00e9quence de retour. Google Analytics est l\u2019outil de statistiques utilis\u00e9 sur ce site, il est susceptible de g\u00e9n\u00e9rer des cookies<\/p>\n<\/div>","protected":false},"excerpt":{"rendered":"<p>Politique de confidentialit\u00e9 Derni\u00e8re mise \u00e0 jour le 15 avril 2025 La soci\u00e9t\u00e9 Arcante Consulting s\u2019engage \u00e0 ce que les traitements de donn\u00e9es personnelles effectu\u00e9s sur son site internet soient conformes au RGPD (R\u00e8glement G\u00e9n\u00e9ral sur la Protection des Donn\u00e9es) ainsi qu\u2019\u00e0 la nouvelle r\u00e9daction de la loi Informatique et Libert\u00e9s. Ainsi, la soci\u00e9t\u00e9 Arcante [&hellip;]<\/p>\n","protected":false},"author":1,"featured_media":0,"parent":0,"menu_order":99,"comment_status":"closed","ping_status":"closed","template":"","meta":{"_seopress_robots_primary_cat":"","_seopress_titles_title":"","_seopress_titles_desc":"","_seopress_robots_index":"","footnotes":""},"class_list":["post-180","page","type-page","status-publish","hentry"],"_links":{"self":[{"href":"https:\/\/www.arcanteconsulting.com\/en\/wp-json\/wp\/v2\/pages\/180","targetHints":{"allow":["GET"]}}],"collection":[{"href":"https:\/\/www.arcanteconsulting.com\/en\/wp-json\/wp\/v2\/pages"}],"about":[{"href":"https:\/\/www.arcanteconsulting.com\/en\/wp-json\/wp\/v2\/types\/page"}],"author":[{"embeddable":true,"href":"https:\/\/www.arcanteconsulting.com\/en\/wp-json\/wp\/v2\/users\/1"}],"replies":[{"embeddable":true,"href":"https:\/\/www.arcanteconsulting.com\/en\/wp-json\/wp\/v2\/comments?post=180"}],"version-history":[{"count":4,"href":"https:\/\/www.arcanteconsulting.com\/en\/wp-json\/wp\/v2\/pages\/180\/revisions"}],"predecessor-version":[{"id":1890,"href":"https:\/\/www.arcanteconsulting.com\/en\/wp-json\/wp\/v2\/pages\/180\/revisions\/1890"}],"wp:attachment":[{"href":"https:\/\/www.arcanteconsulting.com\/en\/wp-json\/wp\/v2\/media?parent=180"}],"curies":[{"name":"wp","href":"https:\/\/api.w.org\/{rel}","templated":true}]}}