{"id":178,"date":"2025-04-23T16:49:51","date_gmt":"2025-04-23T16:49:51","guid":{"rendered":"http:\/\/www.arcanteconsulting.com\/?page_id=178"},"modified":"2026-01-28T16:03:33","modified_gmt":"2026-01-28T16:03:33","slug":"mentions-legales","status":"publish","type":"page","link":"http:\/\/www.arcanteconsulting.com\/en\/mentions-legales\/","title":{"rendered":"Legal information"},"content":{"rendered":"<div class=\"wp-block-group alignwide is-layout-flow wp-block-group-is-layout-flow\">\n<h1 class=\"wp-block-heading has-xx-large-font-size\" style=\"margin-top:var(--wp--preset--spacing--50);margin-bottom:var(--wp--preset--spacing--50)\">Legal information<\/h1>\n\n\n\n<p>Derni\u00e8re mise \u00e0 jour le 23 avril 2025.<\/p>\n\n\n\n<p>Le pr\u00e9sent site est \u00e9dit\u00e9 par la soci\u00e9t\u00e9 Arcante Consulting, SAS au capital de&nbsp;1000&nbsp;\u20ac, immatricul\u00e9e au RCS : 933 493 850 RCS Lille M\u00e9tropole, dont le si\u00e8ge social est situ\u00e9 1001, Avenue de la r\u00e9publique \u2013 59700 \u2013 Marcq-en-Bar\u0153ul \u2013 T\u00e9l.&nbsp;+33&nbsp;(0)3&nbsp;28&nbsp;33&nbsp;63&nbsp;93 \u2013 Email.&nbsp;contact@arcantegroupe.com<\/p>\n\n\n\n<p>Emmanuel LAYET, Directeur de la publication.<\/p>\n\n\n\n<p>H\u00e9bergeur (OVH, 2, rue Kellermann, 59100 Roubaix)<\/p>\n\n\n\n<h2 class=\"wp-block-heading has-accent-2-color has-text-color has-link-color wp-elements-2fd418d954582e9f4fe612bff25a1d28\"><strong>Conditions g\u00e9n\u00e9rales d&rsquo;utilisation\u200b<\/strong><\/h2>\n\n\n\n<p><strong>Derni\u00e8re mise \u00e0 jour le 23 avril 2025<\/strong><\/p>\n\n\n\n<p>Bienvenue sur notre site.<\/p>\n\n\n\n<p>Si vous continuez \u00e0 naviguer et utiliser ce site web, vous acceptez de respecter et d\u2019\u00eatre li\u00e9 par les conditions g\u00e9n\u00e9rales d\u2019utilisation, qui, avec notre politique de confidentialit\u00e9 r\u00e9gissent les relations de Arcante consulting avec vous par rapport \u00e0 ce site. Si vous \u00eates en d\u00e9saccord avec une partie de ces termes et conditions, veuillez ne pas utiliser notre site Web.<\/p>\n\n\n\n<p>Le terme Arcante consulting ou \u00abnous\u00bb d\u00e9signe le propri\u00e9taire du site Web dont le si\u00e8ge social est situ\u00e9 1001, Avenue de la r\u00e9publique \u2013 59700 \u2013 Marcq-en-Baroeul. Le terme \u00abvous\u00bb d\u00e9signe l\u2019utilisateur ou le spectateur de notre site Web.<\/p>\n\n\n\n<p>L\u2019utilisation de ce site Web est soumise aux conditions suivantes:<\/p>\n\n\n\n<p>\u2022Le contenu des pages de ce site est destin\u00e9 \u00e0 votre information. L\u2019\u00e9quipe \u00e9ditoriale se r\u00e9serve le droit de modifier ou de corriger le contenu de ce site ainsi que les conditions g\u00e9n\u00e9rales d\u2019utilisation \u00e0 tout moment et ceci sans pr\u00e9avis.<\/p>\n\n\n\n<p>\u2022La soci\u00e9t\u00e9 Arcante consulting, ne donne aucune garantie, explicite ou implicite, et n\u2019assume aucune responsabilit\u00e9 relative \u00e0 l\u2019utilisation de la pr\u00e9sente publication. A ce titre, elle ne peut \u00eatre redevable \u00e0 un utilisateur ou une autre partie, des dommages directs ou indirects, sp\u00e9ciaux, particuliers ou accessoires d\u00e9coulant de l\u2019utilisation de ce site ou d\u2019un autre site reli\u00e9 par un hyperlien. La soci\u00e9t\u00e9 Arcante consulting ne pourra \u00eatre tenue responsable pour quelque dommage que ce soit tant direct ou indirect, qu\u2019elles qu\u2019en soient les causes, origines, natures ou cons\u00e9quences, provoqu\u00e9 en raison de l\u2019acc\u00e8s de quiconque au site ou de l\u2019impossibilit\u00e9 d\u2019y acc\u00e9der. L\u2019utilisateur s\u2019engage \u00e0 ne transmettre sur ce site aucune information pouvant entra\u00eener une responsabilit\u00e9 civile ou p\u00e9nale et s\u2019engage \u00e0 ce titre \u00e0 ne pas divulguer via ce site des informations ill\u00e9gales, contraires \u00e0 l\u2019ordre public ou diffamatoires. Le contenu des pages du site est pr\u00e9sent\u00e9 \u00e0 titre informatif seulement et ne constitue pas une offre de vente ou un d\u00e9marchage en vue de proposer des produits et services pr\u00e9cis de Arcante consulting. L\u2019ensemble de ce site rel\u00e8ve de la l\u00e9gislation fran\u00e7aise et internationale sur le droit d\u2019auteur et la propri\u00e9t\u00e9 intellectuelle. Tous les droits de reproduction sont r\u00e9serv\u00e9s, y compris les documents t\u00e9l\u00e9chargeables et les repr\u00e9sentations iconographiques et photographiques. La reproduction de tout ou partie de ce site sur un support \u00e9lectronique, quel qu\u2019il soit, est formellement interdite, sauf autorisation expresse du directeur de la publication. La mise en place d\u2019un lien hypertexte vers le site internet www.arcantegroupe.com n\u00e9cessite une autorisation pr\u00e9alable et \u00e9crite de la soci\u00e9t\u00e9 Arcante consulting. L\u2019utilisation non autoris\u00e9e de ce site peut donner lieu \u00e0 une r\u00e9clamation en dommages-int\u00e9r\u00eats et \/ ou constituer une infraction p\u00e9nale.<\/p>\n\n\n\n<p>\u2022De temps en temps, ce site peut inclure des liens vers d\u2019autres sites. Ces liens sont fournis pour votre convenance afin de fournir des informations suppl\u00e9mentaires. Ils ne signifient pas que nous approuvons le(s) site(s). Nous n\u2019avons aucune responsabilit\u00e9 pour le contenu des sites li\u00e9s au Site(s).<\/p>\n\n\n\n<p>\u2022Ce site utilise des cookies. Plus d\u2019informations sur les cookies peuvent \u00eatre trouv\u00e9es dans notre \u00ab Politique de confidentialit\u00e9 \u00bb.<\/p>\n\n\n\n<p>\u2022Votre utilisation de ce site, ainsi que tout litige qui en d\u00e9coule, est soumise \u00e0 la loi fran\u00e7aise.<\/p>\n<\/div>","protected":false},"excerpt":{"rendered":"<p>Mentions l\u00e9gales Derni\u00e8re mise \u00e0 jour le 23 avril 2025. Le pr\u00e9sent site est \u00e9dit\u00e9 par la soci\u00e9t\u00e9 Arcante Consulting, SAS au capital de&nbsp;1000&nbsp;\u20ac, immatricul\u00e9e au RCS : 933 493 850 RCS Lille M\u00e9tropole, dont le si\u00e8ge social est situ\u00e9 1001, Avenue de la r\u00e9publique \u2013 59700 \u2013 Marcq-en-Bar\u0153ul \u2013 T\u00e9l.&nbsp;+33&nbsp;(0)3&nbsp;28&nbsp;33&nbsp;63&nbsp;93 \u2013 Email.&nbsp;contact@arcantegroupe.com Emmanuel LAYET, [&hellip;]<\/p>\n","protected":false},"author":1,"featured_media":0,"parent":0,"menu_order":99,"comment_status":"closed","ping_status":"closed","template":"","meta":{"_seopress_robots_primary_cat":"","_seopress_titles_title":"","_seopress_titles_desc":"","_seopress_robots_index":"","footnotes":""},"class_list":["post-178","page","type-page","status-publish","hentry"],"_links":{"self":[{"href":"http:\/\/www.arcanteconsulting.com\/en\/wp-json\/wp\/v2\/pages\/178","targetHints":{"allow":["GET"]}}],"collection":[{"href":"http:\/\/www.arcanteconsulting.com\/en\/wp-json\/wp\/v2\/pages"}],"about":[{"href":"http:\/\/www.arcanteconsulting.com\/en\/wp-json\/wp\/v2\/types\/page"}],"author":[{"embeddable":true,"href":"http:\/\/www.arcanteconsulting.com\/en\/wp-json\/wp\/v2\/users\/1"}],"replies":[{"embeddable":true,"href":"http:\/\/www.arcanteconsulting.com\/en\/wp-json\/wp\/v2\/comments?post=178"}],"version-history":[{"count":3,"href":"http:\/\/www.arcanteconsulting.com\/en\/wp-json\/wp\/v2\/pages\/178\/revisions"}],"predecessor-version":[{"id":1889,"href":"http:\/\/www.arcanteconsulting.com\/en\/wp-json\/wp\/v2\/pages\/178\/revisions\/1889"}],"wp:attachment":[{"href":"http:\/\/www.arcanteconsulting.com\/en\/wp-json\/wp\/v2\/media?parent=178"}],"curies":[{"name":"wp","href":"https:\/\/api.w.org\/{rel}","templated":true}]}}